{"id":454,"date":"2021-05-15T21:39:59","date_gmt":"2021-05-15T21:39:59","guid":{"rendered":"https:\/\/wordpress.rupertnagler.com:13043\/?page_id=454"},"modified":"2021-05-17T09:43:52","modified_gmt":"2021-05-17T07:43:52","slug":"nutzenorientierte-digitalisierung","status":"publish","type":"page","link":"https:\/\/www.idi.co.at\/wp\/index.php\/nutzenorientierte-digitalisierung\/","title":{"rendered":"Nutzenorientierte Digitalisierung"},"content":{"rendered":"\n<p>Wir wollen den konkreten Nutzen Ihrer IT-Investitionen verbessern. Dabei betrachten wir IT wie jedes andere Werkzeug (neben Maschinen, Transporteinrichtungen, etc.) als ein Mittel zur <strong>ganzheitlichen Steigerung Ihrer Produktivit\u00e4t<\/strong>. Dieses Werkzeug soll Ihnen erm\u00f6glichen, Ihre individuellen Dienstleistungen und Produkte f\u00fcr Ihre Kunden mit motivierten Mitarbeitern m\u00f6glichst effizient zu erbringen oder herzustellen.<\/p>\n\n\n\n<p>Digitalisierung ist nur gerechtfertigt, wenn wir damit die Prozesse im Unternehmen in folgenden vier Dimensionen kundenorientiert verbessern k\u00f6nnen:<\/p>\n\n\n\n<ul class=\"wp-block-list\"><li>Beschleunigen der <strong>Durchlaufzeit<\/strong> der einzelnen Prozesse,<\/li><li>Verbessern der <strong>Ergebnisqualit\u00e4t<\/strong>, Vermeiden von Fehlern,<\/li><li>Erh\u00f6hen der <strong>Flexibilit\u00e4t<\/strong> gegen\u00fcber unseren Kunden auf dem Markt,<\/li><li><strong>Reduktion von Kosten<\/strong>\/Aufwand: (Geld, Personal, Ressourcen).<\/li><\/ul>\n\n\n\n<p>Gr\u00fcndliche Organisationsarbeit und eine \u00fcberlegte Straffung der Unternehmensprozesse ist oft die Voraussetzung f\u00fcr konkrete Verbesserungen und einen gr\u00f6\u00dferen Nutzen.<\/p>\n","protected":false},"excerpt":{"rendered":"<p>Wir wollen den konkreten Nutzen Ihrer IT-Investitionen verbessern. Dabei betrachten wir IT wie jedes andere Werkzeug (neben Maschinen, Transporteinrichtungen, etc.) als ein Mittel zur ganzheitlichen Steigerung Ihrer Produktivit\u00e4t. Dieses Werkzeug soll Ihnen erm\u00f6glichen, Ihre individuellen Dienstleistungen und Produkte f\u00fcr Ihre Kunden mit motivierten Mitarbeitern m\u00f6glichst effizient zu erbringen oder herzustellen. Digitalisierung ist nur gerechtfertigt, wenn &hellip; <a href=\"https:\/\/www.idi.co.at\/wp\/index.php\/nutzenorientierte-digitalisierung\/\" class=\"more-link\">Continue reading<span class=\"screen-reader-text\"> &#8220;Nutzenorientierte Digitalisierung&#8221;<\/span><\/a><\/p>\n","protected":false},"author":1,"featured_media":0,"parent":0,"menu_order":0,"comment_status":"closed","ping_status":"closed","template":"","meta":{"footnotes":""},"class_list":["post-454","page","type-page","status-publish","hentry"],"_links":{"self":[{"href":"https:\/\/www.idi.co.at\/wp\/index.php\/wp-json\/wp\/v2\/pages\/454","targetHints":{"allow":["GET"]}}],"collection":[{"href":"https:\/\/www.idi.co.at\/wp\/index.php\/wp-json\/wp\/v2\/pages"}],"about":[{"href":"https:\/\/www.idi.co.at\/wp\/index.php\/wp-json\/wp\/v2\/types\/page"}],"author":[{"embeddable":true,"href":"https:\/\/www.idi.co.at\/wp\/index.php\/wp-json\/wp\/v2\/users\/1"}],"replies":[{"embeddable":true,"href":"https:\/\/www.idi.co.at\/wp\/index.php\/wp-json\/wp\/v2\/comments?post=454"}],"version-history":[{"count":2,"href":"https:\/\/www.idi.co.at\/wp\/index.php\/wp-json\/wp\/v2\/pages\/454\/revisions"}],"predecessor-version":[{"id":529,"href":"https:\/\/www.idi.co.at\/wp\/index.php\/wp-json\/wp\/v2\/pages\/454\/revisions\/529"}],"wp:attachment":[{"href":"https:\/\/www.idi.co.at\/wp\/index.php\/wp-json\/wp\/v2\/media?parent=454"}],"curies":[{"name":"wp","href":"https:\/\/api.w.org\/{rel}","templated":true}]}}