{"id":439,"date":"2021-05-15T21:29:58","date_gmt":"2021-05-15T21:29:58","guid":{"rendered":"https:\/\/wordpress.rupertnagler.com:13043\/?page_id=439"},"modified":"2021-05-17T09:09:57","modified_gmt":"2021-05-17T07:09:57","slug":"auswahl-und-einfuhrung-von-erp-systemen","status":"publish","type":"page","link":"https:\/\/www.idi.co.at\/wp\/index.php\/auswahl-und-einfuhrung-von-erp-systemen\/","title":{"rendered":"Auswahl und Einf\u00fchrung von ERP-Systemen"},"content":{"rendered":"\n<p>Viele Organisationen tr\u00e4umen von integrierten IT-Systemen, die einfach auf Knopfdruck die richtigen Daten f\u00fcr alle Planungs- und F\u00fchrungsaufgaben liefern.<br>Oft wird diskutiert: Soll das neue System unsere Organisation abbilden, oder muss sich das Unternehmen an das neue System anpassen?<br>Unserer Meinung nach sollte der Kern des Unternehmens, seine unverwechselbare Identit\u00e4t und seine Marktvorteile unbedingt erhalten werden, auch wenn individuelle Anpassungen erforderlich sind. Standardprozesse, die nicht zum Kern geh\u00f6ren, k\u00f6nnen oft ohne Nachteile ans neue System angepasst werden.<\/p>\n\n\n\n<p>Die Hersteller (Microsoft, KTW, IFS, Infor, SAP, Oracle, usw.) von ERP (Enterprise Resource Planning) Systemen erwecken in ihren Werbebrosch\u00fcren oft den Eindruck, da\u00df die Entrichtung der Lizenzgeb\u00fchr ausreicht, um ein zum Unternehmen passendes und f\u00fcr die Mitarbeiter ma\u00dfgeschneidertes System einfach in Betrieb nehmen zu k\u00f6nnen.<br>In Wirklichkeit sind im Unternehmen viele Vorarbeiten zu leisten, damit die Einf\u00fchrung eines solchen Systems erfolgreich sein kann und die Investitionskosten m\u00f6glichst rasch wieder verdient werden k\u00f6nnen:<\/p>\n\n\n\n<ul class=\"wp-block-list\"><li>Ziele und Messkriterien f\u00fcr ihre Erreichung m\u00fcssen definiert werden.<\/li><li>Ein realistischer Projektplan ist zu entwickeln.<\/li><li>Die Unternehmensprozesse m\u00fcssen dokumentiert, reflektiert und oft auch gestrafft werden.<\/li><li>Eine passende Aufbauorganisation zur Projektsteuerung und -abwicklung ist zu implementieren.<\/li><li>In einem gr\u00fcndlichen Auswahlproze\u00df ist der beste Anbieter zu finden und vertraglich einzubinden.<\/li><li>Oft ist dabei eine vom Systemanbieter unabh\u00e4ngige Beratung recht hilfreich. <\/li><\/ul>\n\n\n\n<p>F\u00fcr die Planung und \u00dcberwachung eines anspruchsvollen Bauvorhabens besch\u00e4ftigen Sie ja auch einen Architekten. So werden wir immer wieder von unseren Klienten mit der Einf\u00fchrung von integrierten Enterprise Resource Planning Systemen beauftragt.<br>Noch jedesmal haben wir die Kosten unseres Einsatzes mehrfach durch \u00fcberlegte Planung und Proze\u00dfbegleitung hereingespielt.<\/p>\n","protected":false},"excerpt":{"rendered":"<p>Viele Organisationen tr\u00e4umen von integrierten IT-Systemen, die einfach auf Knopfdruck die richtigen Daten f\u00fcr alle Planungs- und F\u00fchrungsaufgaben liefern.Oft wird diskutiert: Soll das neue System unsere Organisation abbilden, oder muss sich das Unternehmen an das neue System anpassen?Unserer Meinung nach sollte der Kern des Unternehmens, seine unverwechselbare Identit\u00e4t und seine Marktvorteile unbedingt erhalten werden, auch &hellip; <a href=\"https:\/\/www.idi.co.at\/wp\/index.php\/auswahl-und-einfuhrung-von-erp-systemen\/\" class=\"more-link\">Continue reading<span class=\"screen-reader-text\"> &#8220;Auswahl und Einf\u00fchrung von ERP-Systemen&#8221;<\/span><\/a><\/p>\n","protected":false},"author":1,"featured_media":0,"parent":0,"menu_order":0,"comment_status":"closed","ping_status":"closed","template":"","meta":{"footnotes":""},"class_list":["post-439","page","type-page","status-publish","hentry"],"_links":{"self":[{"href":"https:\/\/www.idi.co.at\/wp\/index.php\/wp-json\/wp\/v2\/pages\/439","targetHints":{"allow":["GET"]}}],"collection":[{"href":"https:\/\/www.idi.co.at\/wp\/index.php\/wp-json\/wp\/v2\/pages"}],"about":[{"href":"https:\/\/www.idi.co.at\/wp\/index.php\/wp-json\/wp\/v2\/types\/page"}],"author":[{"embeddable":true,"href":"https:\/\/www.idi.co.at\/wp\/index.php\/wp-json\/wp\/v2\/users\/1"}],"replies":[{"embeddable":true,"href":"https:\/\/www.idi.co.at\/wp\/index.php\/wp-json\/wp\/v2\/comments?post=439"}],"version-history":[{"count":2,"href":"https:\/\/www.idi.co.at\/wp\/index.php\/wp-json\/wp\/v2\/pages\/439\/revisions"}],"predecessor-version":[{"id":514,"href":"https:\/\/www.idi.co.at\/wp\/index.php\/wp-json\/wp\/v2\/pages\/439\/revisions\/514"}],"wp:attachment":[{"href":"https:\/\/www.idi.co.at\/wp\/index.php\/wp-json\/wp\/v2\/media?parent=439"}],"curies":[{"name":"wp","href":"https:\/\/api.w.org\/{rel}","templated":true}]}}